{"id":11,"date":"2015-11-15T12:03:12","date_gmt":"2015-11-15T12:03:12","guid":{"rendered":"http:\/\/3ko.hu\/?page_id=11"},"modified":"2015-11-19T09:00:16","modified_gmt":"2015-11-19T09:00:16","slug":"rolunk","status":"publish","type":"page","link":"https:\/\/3ko.hu\/en\/rolunk\/","title":{"rendered":"About us"},"content":{"rendered":"<p>Kik vagyunk?<\/p>\n<p>A 3KO h\u00e1rom kit\u0171n\u0151 szakember tri\u00f3ja. A <strong>h\u00e1rom<\/strong> m\u0171szer\u00e9sz-technikus m\u00e9rn\u00f6k <strong>h\u00e1rom<\/strong> egym\u00e1ssal szorosan \u00f6sszefon\u00f3d\u00f3 ter\u00fcletet fed le. A sz\u00fcrke\u00e1llom\u00e1nyuk \u00f6sszetal\u00e1lkoz\u00e1sa eg\u00e9szen 1991-ig ny\u00falik vissza. Ez adta mindennek az alapj\u00e1t. Mivel az elektronika \u00e9s informatika rohamos fejl\u0151d\u00e9se k\u00f6zismert t\u00e9ny, az egyes szakter\u00fcletek pedig egyre szerte\u00e1gaz\u00f3bbak, \u00fagy gondoljuk, hogy a mag\u00e1nyos h\u0151s\u00f6k ideje r\u00e9gen lej\u00e1rt. Igaz\u00e1n nagy, komplex dolgokat csak egy\u00fcttes csapatmunk\u00e1val lehet alkotni, m\u00e9ghozz\u00e1 \u00fagy, ha az egyes r\u00e9sztvev\u0151k egy-egy adott ter\u00fclet specialist\u00e1i.<\/p>\n<p>Szerencs\u00e9re nincs sz\u00fcks\u00e9g\u00fcnk semmilyen rekl\u00e1mra, de \u00fagy \u00e9rezz\u00fck r\u00f6viden az\u00e9rt illik bemutatni vid\u00e1m kis csapatunkat pont \u00fagy, ahogy l\u00e1tnak minket koll\u00e9g\u00e1ink \u00e9s \u00fczlett\u00e1rsaink:<\/p>\n<p>A fejleszt\u0151 <strong>villamosm\u00e9rn\u00f6k, r\u00e1di\u00f3\u00e1tviteltechnikus<\/strong>, h\u00edrad\u00e1sipari m\u0171szer\u00e9sz\u00fcnk: t\u00falz\u00e1s n\u00e9lk\u00fcl \u00e1ll\u00edthatjuk, hogy az orsz\u00e1g egyik legjobb mikrokontrolleres \u00e1ramk\u00f6r fejleszt\u0151 specialist\u00e1ja. Valamikor r\u00e9gen a C64 belsej\u00e9vel \u00e9s g\u00e9pi k\u00f3dj\u00e1val kezd\u0151d\u00f6tt minden, ma m\u00e1r a legkorszer\u0171bb mikrochipeket programozza, de ha a feladat \u00fagy k\u00edv\u00e1nja, fanatikus m\u00f3don assembly bitszintre is k\u00f6nnyed\u00e9n lemegy! \ud83d\ude42 Rendszeres megh\u00edvott r\u00e9sztvev\u0151je a konferenci\u00e1knak, szaknapoknak, mindig naprak\u00e9sz! Kedvenc ter\u00fcletei a vezet\u00e9k n\u00e9lk\u00fcli \u00e1tviteltechnikai megold\u00e1sok. K\u00f3dneve: YETI<\/p>\n<p>A <strong>m\u00e9rn\u00f6k informatikusunk<\/strong> biztos\u00edtja sz\u00e1munkra a magasszint\u0171 nyelvek \u00e1ld\u00e1sos term\u00e9keit. Webdesign, k\u00e9pek, multim\u00e9dia, alkalmaz\u00e1sok fejleszt\u00e9se, h\u00e1l\u00f3zati eszk\u00f6z\u00f6k. \u0150 is sokat dolgozik, ez\u00e9rt ritk\u00e1n \u00e1gyaz meg, ink\u00e1bb be\u00e1gyaz: legf\u0151k\u00e9ppen WEB-et. PHP specialista. Mindenb\u0151l igyekszik kiszedni a jav\u00e1t, esetleg a JAVA-t. \ud83d\ude42 Folyamatosan k\u00e9pben van a web \u00e9s szoftverfejleszt\u00e9si technik\u00e1k fejl\u0151d\u00e9se ter\u00fclet\u00e9n. B\u00e1rmikor el\u0151t\u00f6rhet bel\u0151le is a m\u0171szer\u00e9sz v\u00e9na, olyankor szervert \u00e9s h\u00e1l\u00f3zatot \u00e9p\u00edt, be\u00fczemel, felt\u00f6lt, \u00fczemeltet. Kedvenc ter\u00fclete: android alkalmaz\u00e1sok. K\u00f3dneve: RETI<\/p>\n<p>Nem utols\u00f3 sorban a nagy gyakorlattal \u00e9s tapasztalattal rendelkez\u0151 <strong>biztons\u00e1gtechnikusunk<\/strong> ha kell egy igazi k\u00e1belbar\u00e1t, ha kell r\u00e1di\u00f3hull\u00e1mokat is gerjeszt\u0151 \u00e9s meglovagl\u00f3 \u00edzir\u00e1jder! A kivitelez\u00e9sek specialist\u00e1ja, legyen az riaszt\u00f3 vagy kamerarendszer, kapuautomatiz\u00e1l\u00e1s, ipari vez\u00e9rl\u00e9stechnika, m\u00e9r\u00e9s-adatgy\u0171jt\u00e9sek, bel\u00e9ptet\u0151-rendszerek, t\u00e1vvez\u00e9rl\u00e9sek, vagy esetleg hajnali ipari ampervad\u00e1szat! Folyamatosan k\u00f6veti az \u00fajabb ig\u00e9nyeket, neh\u00e9z vele l\u00e9p\u00e9st tartani, ez\u00e9rt el\u0151re is eln\u00e9z\u00e9st ha n\u00e9ha utol sem tudj\u00e1k \u00e9rni telefonon! \ud83d\ude09 Fentieken k\u00edv\u00fcl egyik kedvenc szakter\u00fclet\u00e9re kev\u00e9s ideje van, ami a HIFI hangtechnika. K\u00f3dneve: DOKI<\/p>\n<p>Nagyon j\u00f3 a kapcsolatunk a Budapesti M\u0171szaki F\u0151iskola \u00e9s a M\u0171szaki Egyetemi koll\u00e9g\u00e1kkal, illetve t\u00f6bb speci\u00e1lis szoftverfejleszt\u0151 c\u00e9ggel is. Sok seg\u00edts\u00e9get kapunk tov\u00e1bb\u00e1 az anyagbeszerz\u00e9s, \u00e1ramk\u00f6r-tervez\u00e9s, SMD be\u00fcltet\u00e9s, tesztel\u00e9s, min\u0151s\u00e9gbiztos\u00edt\u00e1s ter\u00e9n, amit ez\u00faton is nagyon k\u00f6sz\u00f6n\u00fcnk mindenkinek!<\/p>\n<p>V\u00e9gezet\u00fcl ez\u00faton is szeretn\u00e9nk megk\u00f6sz\u00f6nni volt tan\u00e1rainknak, hogy bevezettek minket a m\u00e9rn\u00f6ki szeml\u00e9letm\u00f3dba \u00e9s megmutatt\u00e1k nek\u00fcnk, &#8220;hogyan arassuk le saj\u00e1t gondolataink gy\u00fcm\u00f6lcseit&#8221;!<\/p>\n","protected":false},"excerpt":{"rendered":"<p>Kik vagyunk? A 3KO h\u00e1rom kit\u0171n\u0151 szakember tri\u00f3ja. A h\u00e1rom m\u0171szer\u00e9sz-technikus m\u00e9rn\u00f6k h\u00e1rom egym\u00e1ssal szorosan \u00f6sszefon\u00f3d\u00f3 ter\u00fcletet fed le. A sz\u00fcrke\u00e1llom\u00e1nyuk \u00f6sszetal\u00e1lkoz\u00e1sa eg\u00e9szen 1991-ig ny\u00falik vissza. Ez adta mindennek az alapj\u00e1t. Mivel az elektronika \u00e9s informatika rohamos fejl\u0151d\u00e9se k\u00f6zismert t\u00e9ny, az egyes szakter\u00fcletek pedig egyre szerte\u00e1gaz\u00f3bbak, \u00fagy gondoljuk, hogy a mag\u00e1nyos h\u0151s\u00f6k ideje r\u00e9gen lej\u00e1rt. [&hellip;]<\/p>\n","protected":false},"author":1,"featured_media":0,"parent":0,"menu_order":0,"comment_status":"closed","ping_status":"closed","template":"","meta":[],"translation":{"provider":"WPGlobus","version":"2.10.3","language":"en","enabled_languages":["hu","en"],"languages":{"hu":{"title":true,"content":true,"excerpt":false},"en":{"title":false,"content":false,"excerpt":false}}},"_links":{"self":[{"href":"https:\/\/3ko.hu\/en\/wp-json\/wp\/v2\/pages\/11"}],"collection":[{"href":"https:\/\/3ko.hu\/en\/wp-json\/wp\/v2\/pages"}],"about":[{"href":"https:\/\/3ko.hu\/en\/wp-json\/wp\/v2\/types\/page"}],"author":[{"embeddable":true,"href":"https:\/\/3ko.hu\/en\/wp-json\/wp\/v2\/users\/1"}],"replies":[{"embeddable":true,"href":"https:\/\/3ko.hu\/en\/wp-json\/wp\/v2\/comments?post=11"}],"version-history":[{"count":9,"href":"https:\/\/3ko.hu\/en\/wp-json\/wp\/v2\/pages\/11\/revisions"}],"predecessor-version":[{"id":122,"href":"https:\/\/3ko.hu\/en\/wp-json\/wp\/v2\/pages\/11\/revisions\/122"}],"wp:attachment":[{"href":"https:\/\/3ko.hu\/en\/wp-json\/wp\/v2\/media?parent=11"}],"curies":[{"name":"wp","href":"https:\/\/api.w.org\/{rel}","templated":true}]}}