{"id":13,"date":"2015-11-15T12:03:21","date_gmt":"2015-11-15T12:03:21","guid":{"rendered":"http:\/\/3ko.hu\/?page_id=13"},"modified":"2015-11-15T22:17:45","modified_gmt":"2015-11-15T22:17:45","slug":"fooldal","status":"publish","type":"page","link":"https:\/\/3ko.hu\/en\/","title":{"rendered":"Home"},"content":{"rendered":"<div class=\"widget\"><ul id=\"category-posts-2-internal\" class=\"category-posts-internal\">\n<li class='cat-post-item'><div><a class=\"cat-post-title\" href=\"https:\/\/3ko.hu\/en\/3ko-ra2-ket-reles-univerzalis-tavkapcsolo-csalad\/\" rel=\"bookmark\">3KO-RA2 k\u00e9t rel\u00e9s univerz\u00e1lis t\u00e1vkapcsol\u00f3 csal\u00e1d<\/a><\/div><\/li><li class='cat-post-item'><div><a class=\"cat-post-title\" href=\"https:\/\/3ko.hu\/en\/apollo-micro-3-gsm-atjelzo-es-muholdas-helymeghatarozo\/\" rel=\"bookmark\">Apollo micro-3 GSM \u00e1tjelz\u0151 \u00e9s m\u0171holdas helymeghat\u00e1roz\u00f3<\/a><\/div><\/li><li class='cat-post-item'><div><a class=\"cat-post-title\" href=\"https:\/\/3ko.hu\/en\/apollo-micro-2\/\" rel=\"bookmark\">Apollo micro-2<\/a><\/div><\/li><li class='cat-post-item'><div><a class=\"cat-post-title\" href=\"https:\/\/3ko.hu\/en\/apollo-micro-1\/\" rel=\"bookmark\">Apollo micro-1<\/a><\/div><div><a class=\"cat-post-thumbnail cat-post-none\" href=\"https:\/\/3ko.hu\/en\/apollo-micro-1\/\" title=\"Apollo micro-1\"><span class=\"cat-post-crop cat-post-format cat-post-format-standard\"><img width=\"200\"  src=\"https:\/\/3ko.hu\/wp-content\/uploads\/2015\/11\/apollo-micro-wm.jpg\" class=\"attachment-150x150x1x200x151 size-150x150x1x200x151 wp-post-image\" alt=\"\" loading=\"lazy\" data-cat-posts-width=\"200\" data-cat-posts-height=\"\" srcset=\"https:\/\/3ko.hu\/wp-content\/uploads\/2015\/11\/apollo-micro-wm.jpg 800w, https:\/\/3ko.hu\/wp-content\/uploads\/2015\/11\/apollo-micro-wm-300x191.jpg 300w, https:\/\/3ko.hu\/wp-content\/uploads\/2015\/11\/apollo-micro-wm-472x300.jpg 472w, https:\/\/3ko.hu\/wp-content\/uploads\/2015\/11\/apollo-micro-wm-200x127.jpg 200w\" sizes=\"(max-width: 200px) 100vw, 200px\" \/><\/span><\/a><\/div><\/li><li class='cat-post-item'><div><a class=\"cat-post-title\" href=\"https:\/\/3ko.hu\/en\/3koprg-programozokabel\/\" rel=\"bookmark\">3KOPRG programoz\u00f3k\u00e1bel<\/a><\/div><\/li><\/ul>\n<\/div>\n","protected":false},"excerpt":{"rendered":"","protected":false},"author":1,"featured_media":0,"parent":0,"menu_order":0,"comment_status":"closed","ping_status":"closed","template":"","meta":[],"translation":{"provider":"WPGlobus","version":"2.10.3","language":"en","enabled_languages":["hu","en"],"languages":{"hu":{"title":true,"content":true,"excerpt":false},"en":{"title":false,"content":false,"excerpt":false}}},"_links":{"self":[{"href":"https:\/\/3ko.hu\/en\/wp-json\/wp\/v2\/pages\/13"}],"collection":[{"href":"https:\/\/3ko.hu\/en\/wp-json\/wp\/v2\/pages"}],"about":[{"href":"https:\/\/3ko.hu\/en\/wp-json\/wp\/v2\/types\/page"}],"author":[{"embeddable":true,"href":"https:\/\/3ko.hu\/en\/wp-json\/wp\/v2\/users\/1"}],"replies":[{"embeddable":true,"href":"https:\/\/3ko.hu\/en\/wp-json\/wp\/v2\/comments?post=13"}],"version-history":[{"count":4,"href":"https:\/\/3ko.hu\/en\/wp-json\/wp\/v2\/pages\/13\/revisions"}],"predecessor-version":[{"id":46,"href":"https:\/\/3ko.hu\/en\/wp-json\/wp\/v2\/pages\/13\/revisions\/46"}],"wp:attachment":[{"href":"https:\/\/3ko.hu\/en\/wp-json\/wp\/v2\/media?parent=13"}],"curies":[{"name":"wp","href":"https:\/\/api.w.org\/{rel}","templated":true}]}}