{"id":271,"date":"2023-10-21T08:09:40","date_gmt":"2023-10-21T08:09:40","guid":{"rendered":"https:\/\/3ko.hu\/?page_id=271"},"modified":"2023-10-21T08:11:13","modified_gmt":"2023-10-21T08:11:13","slug":"adatvedelmi-tajekoztato","status":"publish","type":"page","link":"https:\/\/3ko.hu\/en\/adatvedelmi-tajekoztato\/","title":{"rendered":"Adatv\u00e9delmi t\u00e1j\u00e9koztat\u00f3"},"content":{"rendered":"<p>Nyilatkozunk, hogy az inform\u00e1ci\u00f3s \u00f6nrendelkez\u00e9si jogr\u00f3l \u00e9s az inform\u00e1ci\u00f3szabads\u00e1gr\u00f3l sz\u00f3l\u00f3 2011. \u00e9vi CXII. t\u00f6rv\u00e9ny \u00e9s a term\u00e9szetes szem\u00e9lyeknek a szem\u00e9lyes adatok kezel\u00e9se tekintet\u00e9ben t\u00f6rt\u00e9n\u0151 v\u00e9delm\u00e9r\u0151l \u00e9s az ilyen adatok szabad \u00e1raml\u00e1s\u00e1r\u00f3l, valamint a 95\/46\/EK rendelet hat\u00e1lyon k\u00edv\u00fcl helyez\u00e9s\u00e9r\u0151l sz\u00f3l\u00f3 Eur\u00f3pai Parlament \u00e9s a Tan\u00e1cs (EU) 2016\/679 rendelete (\u00e1ltal\u00e1nos adatv\u00e9delmi rendelet \u2013 GDPR) el\u0151\u00edr\u00e1sainak megfelel\u0151en j\u00e1runk el a tudom\u00e1sukra jutott szem\u00e9lyes adatok kezel\u00e9se sor\u00e1n.<\/p>\n","protected":false},"excerpt":{"rendered":"<p>Nyilatkozunk, hogy az inform\u00e1ci\u00f3s \u00f6nrendelkez\u00e9si jogr\u00f3l \u00e9s az inform\u00e1ci\u00f3szabads\u00e1gr\u00f3l sz\u00f3l\u00f3 2011. \u00e9vi CXII. t\u00f6rv\u00e9ny \u00e9s a term\u00e9szetes szem\u00e9lyeknek a szem\u00e9lyes adatok kezel\u00e9se tekintet\u00e9ben t\u00f6rt\u00e9n\u0151 v\u00e9delm\u00e9r\u0151l \u00e9s az ilyen adatok szabad \u00e1raml\u00e1s\u00e1r\u00f3l, valamint a 95\/46\/EK rendelet hat\u00e1lyon k\u00edv\u00fcl helyez\u00e9s\u00e9r\u0151l sz\u00f3l\u00f3 Eur\u00f3pai Parlament \u00e9s a Tan\u00e1cs (EU) 2016\/679 rendelete (\u00e1ltal\u00e1nos adatv\u00e9delmi rendelet \u2013 GDPR) el\u0151\u00edr\u00e1sainak megfelel\u0151en j\u00e1runk [&hellip;]<\/p>\n","protected":false},"author":1,"featured_media":0,"parent":0,"menu_order":0,"comment_status":"closed","ping_status":"closed","template":"","meta":[],"translation":{"provider":"WPGlobus","version":"2.10.3","language":"en","enabled_languages":["hu","en"],"languages":{"hu":{"title":true,"content":true,"excerpt":false},"en":{"title":false,"content":false,"excerpt":false}}},"_links":{"self":[{"href":"https:\/\/3ko.hu\/en\/wp-json\/wp\/v2\/pages\/271"}],"collection":[{"href":"https:\/\/3ko.hu\/en\/wp-json\/wp\/v2\/pages"}],"about":[{"href":"https:\/\/3ko.hu\/en\/wp-json\/wp\/v2\/types\/page"}],"author":[{"embeddable":true,"href":"https:\/\/3ko.hu\/en\/wp-json\/wp\/v2\/users\/1"}],"replies":[{"embeddable":true,"href":"https:\/\/3ko.hu\/en\/wp-json\/wp\/v2\/comments?post=271"}],"version-history":[{"count":2,"href":"https:\/\/3ko.hu\/en\/wp-json\/wp\/v2\/pages\/271\/revisions"}],"predecessor-version":[{"id":274,"href":"https:\/\/3ko.hu\/en\/wp-json\/wp\/v2\/pages\/271\/revisions\/274"}],"wp:attachment":[{"href":"https:\/\/3ko.hu\/en\/wp-json\/wp\/v2\/media?parent=271"}],"curies":[{"name":"wp","href":"https:\/\/api.w.org\/{rel}","templated":true}]}}