{"id":47,"date":"2015-11-15T22:27:03","date_gmt":"2015-11-15T22:27:03","guid":{"rendered":"http:\/\/3ko.hu\/?page_id=47"},"modified":"2015-11-15T22:27:03","modified_gmt":"2015-11-15T22:27:03","slug":"kiemelt-referenciak","status":"publish","type":"page","link":"https:\/\/3ko.hu\/en\/kiemelt-referenciak\/","title":{"rendered":"Kiemelt referenci\u00e1k"},"content":{"rendered":"<ul>\n<li>3D home oktat\u00f3 k\u00f6zpont, <strong>Riaszt\u00f3 rendszer<\/strong><\/li>\n<li>Waberer\u2019s Holding Zrt. , <strong>Kamer\u00e1s rendszer<\/strong><\/li>\n<li>Kisherceg vend\u00e9gl\u0151, Budapest, <strong>Riaszt\u00f3 rendszer<\/strong><\/li>\n<li>Opel T\u00f3th aut\u00f3szalon, <strong>T\u0171zjelz\u0151 rendszer<\/strong><\/li>\n<li>Erzs\u00e9beti\u00a070 lak\u00e1sos t\u00e1rsash\u00e1z, <strong>Digit\u00e1lis kaputelefon rendszer\u00a0\u00a0<\/strong><\/li>\n<\/ul>\n","protected":false},"excerpt":{"rendered":"<p>3D home oktat\u00f3 k\u00f6zpont, Riaszt\u00f3 rendszer Waberer\u2019s Holding Zrt. , Kamer\u00e1s rendszer Kisherceg vend\u00e9gl\u0151, Budapest, Riaszt\u00f3 rendszer Opel T\u00f3th aut\u00f3szalon, T\u0171zjelz\u0151 rendszer Erzs\u00e9beti\u00a070 lak\u00e1sos t\u00e1rsash\u00e1z, Digit\u00e1lis kaputelefon rendszer\u00a0\u00a0<\/p>\n","protected":false},"author":1,"featured_media":0,"parent":0,"menu_order":0,"comment_status":"closed","ping_status":"closed","template":"","meta":[],"translation":{"provider":"WPGlobus","version":"2.10.3","language":"en","enabled_languages":["hu","en"],"languages":{"hu":{"title":true,"content":true,"excerpt":false},"en":{"title":false,"content":false,"excerpt":false}}},"_links":{"self":[{"href":"https:\/\/3ko.hu\/en\/wp-json\/wp\/v2\/pages\/47"}],"collection":[{"href":"https:\/\/3ko.hu\/en\/wp-json\/wp\/v2\/pages"}],"about":[{"href":"https:\/\/3ko.hu\/en\/wp-json\/wp\/v2\/types\/page"}],"author":[{"embeddable":true,"href":"https:\/\/3ko.hu\/en\/wp-json\/wp\/v2\/users\/1"}],"replies":[{"embeddable":true,"href":"https:\/\/3ko.hu\/en\/wp-json\/wp\/v2\/comments?post=47"}],"version-history":[{"count":1,"href":"https:\/\/3ko.hu\/en\/wp-json\/wp\/v2\/pages\/47\/revisions"}],"predecessor-version":[{"id":48,"href":"https:\/\/3ko.hu\/en\/wp-json\/wp\/v2\/pages\/47\/revisions\/48"}],"wp:attachment":[{"href":"https:\/\/3ko.hu\/en\/wp-json\/wp\/v2\/media?parent=47"}],"curies":[{"name":"wp","href":"https:\/\/api.w.org\/{rel}","templated":true}]}}