{"id":5,"date":"2015-11-15T12:02:49","date_gmt":"2015-11-15T12:02:49","guid":{"rendered":"http:\/\/3ko.hu\/?page_id=5"},"modified":"2015-11-15T12:47:03","modified_gmt":"2015-11-15T12:47:03","slug":"elerhetoseg","status":"publish","type":"page","link":"https:\/\/3ko.hu\/en\/elerhetoseg\/","title":{"rendered":"Contact us"},"content":{"rendered":"<p>info@3ko.hu<br \/>\nK.T. Alarm Kft.<br \/>\n+36 30 274-1188<\/p>\n<p>Hasznos tan\u00e1csok:<\/p>\n<p>Ha nem s\u00fcrg\u0151s a k\u00e9rd\u00e9se, mindenk\u00e9ppen v\u00e1lassza az e-mailt, melyre \u00e1ltal\u00e1ban 24 \u00f3r\u00e1n bel\u00fcl v\u00e1laszt kap.<br \/>\nHa valamelyik viszontelad\u00f3nkt\u00f3l v\u00e1s\u00e1rolt term\u00e9kkel kapcsolatban k\u00e9rdezne, akkor val\u00f3sz\u00edn\u0171leg a viszontelad\u00f3 m\u0171szaki koll\u00e9g\u00e1ja is tud \u00d6nnek seg\u00edteni.<\/p>\n","protected":false},"excerpt":{"rendered":"<p>info@3ko.hu K.T. Alarm Kft. +36 30 274-1188 Hasznos tan\u00e1csok: Ha nem s\u00fcrg\u0151s a k\u00e9rd\u00e9se, mindenk\u00e9ppen v\u00e1lassza az e-mailt, melyre \u00e1ltal\u00e1ban 24 \u00f3r\u00e1n bel\u00fcl v\u00e1laszt kap. Ha valamelyik viszontelad\u00f3nkt\u00f3l v\u00e1s\u00e1rolt term\u00e9kkel kapcsolatban k\u00e9rdezne, akkor val\u00f3sz\u00edn\u0171leg a viszontelad\u00f3 m\u0171szaki koll\u00e9g\u00e1ja is tud \u00d6nnek seg\u00edteni.<\/p>\n","protected":false},"author":1,"featured_media":0,"parent":0,"menu_order":0,"comment_status":"closed","ping_status":"closed","template":"","meta":[],"translation":{"provider":"WPGlobus","version":"2.10.3","language":"en","enabled_languages":["hu","en"],"languages":{"hu":{"title":true,"content":true,"excerpt":false},"en":{"title":false,"content":false,"excerpt":false}}},"_links":{"self":[{"href":"https:\/\/3ko.hu\/en\/wp-json\/wp\/v2\/pages\/5"}],"collection":[{"href":"https:\/\/3ko.hu\/en\/wp-json\/wp\/v2\/pages"}],"about":[{"href":"https:\/\/3ko.hu\/en\/wp-json\/wp\/v2\/types\/page"}],"author":[{"embeddable":true,"href":"https:\/\/3ko.hu\/en\/wp-json\/wp\/v2\/users\/1"}],"replies":[{"embeddable":true,"href":"https:\/\/3ko.hu\/en\/wp-json\/wp\/v2\/comments?post=5"}],"version-history":[{"count":3,"href":"https:\/\/3ko.hu\/en\/wp-json\/wp\/v2\/pages\/5\/revisions"}],"predecessor-version":[{"id":37,"href":"https:\/\/3ko.hu\/en\/wp-json\/wp\/v2\/pages\/5\/revisions\/37"}],"wp:attachment":[{"href":"https:\/\/3ko.hu\/en\/wp-json\/wp\/v2\/media?parent=5"}],"curies":[{"name":"wp","href":"https:\/\/api.w.org\/{rel}","templated":true}]}}