{"id":7,"date":"2015-11-15T12:02:56","date_gmt":"2015-11-15T12:02:56","guid":{"rendered":"http:\/\/3ko.hu\/?page_id=7"},"modified":"2015-11-19T08:54:16","modified_gmt":"2015-11-19T08:54:16","slug":"referenciak","status":"publish","type":"page","link":"https:\/\/3ko.hu\/en\/referenciak\/","title":{"rendered":"References"},"content":{"rendered":"<p>&nbsp;<\/p>\n<p align=\"center\"><strong><span style=\"font-size: large;\"><img loading=\"lazy\" class=\"\" src=\"http:\/\/users1.ml.mindenkilapja.hu\/users\/ktalarm\/uploads\/3d.JPG\" alt=\"\" width=\"697\" height=\"74\" \/><\/span><\/strong><\/p>\n<p align=\"center\"><span style=\"font-size: small;\"><strong>3D home oktat\u00f3 k\u00f6zpont,<\/strong> Riaszt\u00f3 rendszer<\/span><\/p>\n<p align=\"center\"><span style=\"font-size: small;\"><strong>UTE Stadion,<\/strong> Riaszt\u00f3 \u00e9s t\u0171zjelz\u0151 rendszer<\/span><\/p>\n<p align=\"center\"><span style=\"font-size: small;\"><strong>Pusk\u00e1s Ferenc Stadion Kiszolg\u00e1l\u00f3 \u00e9p\u00fclet \/Sport M\u00fazeum\/,<\/strong> \u00a0Riaszt\u00f3 rendszer<\/span><\/p>\n<p align=\"center\"><strong><span style=\"font-size: large;\"><img loading=\"lazy\" class=\"\" src=\"http:\/\/users1.ml.mindenkilapja.hu\/users\/ktalarm\/uploads\/t-mobil.JPG\" alt=\"\" width=\"399\" height=\"60\" \/><\/span><\/strong><\/p>\n<p align=\"center\"><span style=\"font-size: small;\"><strong>T-mobil \u00dczlet SAVOYA PARK,<\/strong> Kamer\u00e1s rendszer<\/span><\/p>\n<p align=\"center\"><span style=\"font-size: small;\"><strong>BM k\u00f6zponti logosztika,<\/strong> Bel\u00e9ptet\u0151 &#8211; kamer\u00e1s &#8211; riaszt\u00f3 rendszer<\/span><\/p>\n<p align=\"center\"><strong><span style=\"font-size: large;\"><img loading=\"lazy\" class=\"\" src=\"http:\/\/users1.ml.mindenkilapja.hu\/users\/ktalarm\/uploads\/waberers.JPG\" alt=\"\" width=\"577\" height=\"167\" \/><\/span><\/strong><\/p>\n<p align=\"center\"><span style=\"font-size: small;\"><strong>Waberer&#8217;s Holding Zrt.\u00a0, <\/strong>Kamer\u00e1s rendszer<\/span><\/p>\n<p align=\"center\"><img loading=\"lazy\" class=\"\" src=\"http:\/\/users1.ml.mindenkilapja.hu\/users\/ktalarm\/uploads\/nyilsprint2.JPG\" alt=\"\" width=\"262\" height=\"75\" \/><\/p>\n<p align=\"center\"><span style=\"font-size: small;\"><strong>Ny\u00edlhegy Sprint Fut\u00e1rszolg\u00e1lat,<\/strong> Riaszt\u00f3 rendszer<\/span><\/p>\n<p align=\"center\"><strong><span style=\"font-size: large;\"><img loading=\"lazy\" class=\"\" src=\"http:\/\/users1.ml.mindenkilapja.hu\/users\/ktalarm\/icons\/l11184667.jpg\" alt=\"\" width=\"240\" height=\"180\" \/><\/span><\/strong><\/p>\n<p align=\"center\"><span style=\"font-size: small;\"><strong>Kisherceg vend\u00e9gl\u0151, Budapest,<\/strong> Riaszt\u00f3 rendszer<\/span><\/p>\n<p align=\"center\"><strong><span style=\"font-size: large;\"><img loading=\"lazy\" class=\"\" src=\"http:\/\/users1.ml.mindenkilapja.hu\/users\/ktalarm\/icons\/l10801459.jpg\" alt=\"\" width=\"240\" height=\"129\" \/><\/span><\/strong><\/p>\n<p align=\"center\"><span style=\"font-size: small;\"><strong>Coyote &#8211; k\u00e1v\u00e9z\u00f3, Budapest,<\/strong> Riaszt\u00f3 \u00e9s kamer\u00e1s rendszer<\/span><\/p>\n<p align=\"center\"><strong><span style=\"font-size: large;\"><img loading=\"lazy\" class=\"\" src=\"http:\/\/users1.ml.mindenkilapja.hu\/users\/ktalarm\/icons\/l10325441.jpg\" alt=\"\" width=\"240\" height=\"159\" \/><\/span><\/strong><\/p>\n<p align=\"center\"><span style=\"font-size: large;\"><span style=\"font-size: small;\"><strong>F\u00fcrd\u0151szoba &#8211; szaniter \u00e1ruh\u00e1z, Soroks\u00e1r,<\/strong><\/span> <\/span><span style=\"font-size: small;\">Riaszt\u00f3 \u00e9s kamer\u00e1s rendszer, kapuautomatiz\u00e1l\u00e1s<\/span><\/p>\n<p align=\"center\"><span style=\"font-size: small;\"><img loading=\"lazy\" class=\"\" src=\"http:\/\/users1.ml.mindenkilapja.hu\/users\/ktalarm\/icons\/l10325444.jpg\" alt=\"\" width=\"240\" height=\"160\" \/><\/span><\/p>\n<p align=\"center\"><span style=\"font-size: small;\"><strong>Automonte Kft aut\u00f3keresked\u00e9s,<\/strong> Riaszt\u00f3 rendszer<\/span><\/p>\n<p align=\"center\"><strong><span style=\"font-size: large;\"><img loading=\"lazy\" class=\"\" src=\"http:\/\/users1.ml.mindenkilapja.hu\/users\/ktalarm\/icons\/l10301007.jpg\" alt=\"\" width=\"240\" height=\"157\" \/><\/span><\/strong><\/p>\n<p align=\"center\"><span style=\"font-size: small;\"><strong>Erzs\u00e9beti t\u00e1rsash\u00e1z,<\/strong> kamer\u00e1s rendszer<\/span><\/p>\n<p align=\"center\"><strong><span style=\"font-size: large;\"><img class=\"\" src=\"http:\/\/users1.ml.mindenkilapja.hu\/users\/ktalarm\/icons\/l10028794.jpg\" alt=\"\" \/><\/span><\/strong><\/p>\n<p align=\"center\"><span style=\"font-size: small;\"><strong>Torock\u00f3 \u00c9tterem,<\/strong> Riaszt\u00f3 rendszer<\/span><\/p>\n<p align=\"center\"><span style=\"font-size: small;\"><img loading=\"lazy\" class=\"\" src=\"http:\/\/users1.ml.mindenkilapja.hu\/users\/ktalarm\/icons\/l10167800.jpg\" alt=\"\" width=\"240\" height=\"160\" \/><\/span><\/p>\n<p align=\"center\"><span style=\"font-size: small;\"><strong>PAMI Automos\u00f3k Erzs\u00e9bet,<\/strong> Riaszt\u00f3 &#8211; kamer\u00e1s rendszer<\/span><\/p>\n<p align=\"center\"><span style=\"font-size: small;\"><strong>Texas S\u00f6r\u00f6z\u0151 Erzs\u00e9bet,<\/strong> Kamer\u00e1s rendszer<\/span><\/p>\n<p align=\"center\"><span style=\"font-size: small;\"><img loading=\"lazy\" class=\"\" src=\"http:\/\/users1.ml.mindenkilapja.hu\/users\/ktalarm\/icons\/l9789818.jpg\" alt=\"\" width=\"240\" height=\"180\" \/><\/span><\/p>\n<p align=\"center\"><span style=\"font-size: small;\"><strong>T-pont, Csepel Pl\u00e1za, G\u00f6d\u00f6ll\u0151, <\/strong>Riaszt\u00f3 rendszer<\/span><\/p>\n<p align=\"center\"><span style=\"font-size: small;\"><strong>Gulner Gyula \u00c1ltal\u00e1nos Iskola \u00daj sz\u00e1rny, <\/strong>Riaszt\u00f3 rendszer<\/span><\/p>\n<p align=\"center\"><span style=\"font-size: small;\"><strong>Opel T\u00f3th aut\u00f3szalon,<\/strong> T\u0171zjelz\u0151 rendszer<\/span><\/p>\n<p align=\"center\"><span style=\"font-size: small;\"><strong>DHL logisztika,<\/strong> Riaszt\u00f3 \u00e9s t\u0171zjelz\u0151 rendszer<\/span><\/p>\n<p align=\"center\"><span style=\"font-size: small;\"><strong>MOM Park,<\/strong> Geszteny\u00e9s torony, Riaszt\u00f3 &#8211; bel\u00e9ptet\u0151 &#8211; kamer\u00e1s rendszer<\/span><\/p>\n<p align=\"center\"><span style=\"font-size: small;\"><strong>Sportf\u00f3li\u00f3 KHT,<\/strong>\u00a0Riaszt\u00f3 \u00e9s t\u0171zjelz\u0151 rendszer<\/span><\/p>\n<p align=\"center\"><span style=\"font-size: small;\"><strong>M3 Aut\u00f3szerv\u00edz,<\/strong> \u00a0Riaszt\u00f3 \u00e9s kamer\u00e1s rendszer<\/span><\/p>\n<p align=\"center\"><span style=\"font-size: small;\"><strong>Trendex,<\/strong> Riaszt\u00f3 rendszer<\/span><\/p>\n<p align=\"center\"><span style=\"font-size: small;\"><strong>Viking \u00e9tterem,<\/strong>\u00a0Kamer\u00e1s rendszer<\/span><\/p>\n<p align=\"center\"><span style=\"font-size: small;\"><strong>K\u00e9k t\u00f3 \u00e9tterem,<\/strong>\u00a0Kamer\u00e1s rendszer<\/span><\/p>\n<p align=\"center\"><span style=\"font-size: small;\"><strong>T&amp;T Aut\u00f3szerv\u00edz,<\/strong> Riaszt\u00f3 \u00e9s kamer\u00e1s rendszer<\/span><\/p>\n<p align=\"center\"><span style=\"font-size: small;\"><strong>Dunaharaszti,<\/strong> s\u00f3derb\u00e1nya,\u00a0Kamer\u00e1s rendszer<\/span><\/p>\n<p align=\"center\"><span style=\"font-size: small;\"><strong>L\u00edra KFT,\u00a0<\/strong>Kapu automatiz\u00e1l\u00e1s\u00a0\u00a0<\/span><\/p>\n<p align=\"center\"><span style=\"font-size: small;\"><strong><img loading=\"lazy\" class=\"\" src=\"http:\/\/users1.ml.mindenkilapja.hu\/users\/ktalarm\/icons\/l9982133.jpg\" alt=\"\" width=\"240\" height=\"89\" \/><br \/> <\/strong><\/span><\/p>\n<p align=\"center\"><span style=\"font-size: small;\"><strong>Erzs\u00e9beti\u00a070 lak\u00e1sos t\u00e1rsash\u00e1z,<\/strong> Digit\u00e1lis kaputelefon rendszer\u00a0\u00a0<\/span><\/p>\n<p align=\"center\"><span style=\"font-size: small;\"><strong>\u00a0<\/strong><\/span><\/p>\n","protected":false},"excerpt":{"rendered":"<p>&nbsp; 3D home oktat\u00f3 k\u00f6zpont, Riaszt\u00f3 rendszer UTE Stadion, Riaszt\u00f3 \u00e9s t\u0171zjelz\u0151 rendszer Pusk\u00e1s Ferenc Stadion Kiszolg\u00e1l\u00f3 \u00e9p\u00fclet \/Sport M\u00fazeum\/, \u00a0Riaszt\u00f3 rendszer T-mobil \u00dczlet SAVOYA PARK, Kamer\u00e1s rendszer BM k\u00f6zponti logosztika, Bel\u00e9ptet\u0151 &#8211; kamer\u00e1s &#8211; riaszt\u00f3 rendszer Waberer&#8217;s Holding Zrt.\u00a0, Kamer\u00e1s rendszer Ny\u00edlhegy Sprint Fut\u00e1rszolg\u00e1lat, Riaszt\u00f3 rendszer Kisherceg vend\u00e9gl\u0151, Budapest, Riaszt\u00f3 rendszer Coyote &#8211; k\u00e1v\u00e9z\u00f3, [&hellip;]<\/p>\n","protected":false},"author":1,"featured_media":0,"parent":0,"menu_order":0,"comment_status":"closed","ping_status":"closed","template":"","meta":[],"translation":{"provider":"WPGlobus","version":"2.10.3","language":"en","enabled_languages":["hu","en"],"languages":{"hu":{"title":true,"content":true,"excerpt":false},"en":{"title":false,"content":false,"excerpt":false}}},"_links":{"self":[{"href":"https:\/\/3ko.hu\/en\/wp-json\/wp\/v2\/pages\/7"}],"collection":[{"href":"https:\/\/3ko.hu\/en\/wp-json\/wp\/v2\/pages"}],"about":[{"href":"https:\/\/3ko.hu\/en\/wp-json\/wp\/v2\/types\/page"}],"author":[{"embeddable":true,"href":"https:\/\/3ko.hu\/en\/wp-json\/wp\/v2\/users\/1"}],"replies":[{"embeddable":true,"href":"https:\/\/3ko.hu\/en\/wp-json\/wp\/v2\/comments?post=7"}],"version-history":[{"count":6,"href":"https:\/\/3ko.hu\/en\/wp-json\/wp\/v2\/pages\/7\/revisions"}],"predecessor-version":[{"id":121,"href":"https:\/\/3ko.hu\/en\/wp-json\/wp\/v2\/pages\/7\/revisions\/121"}],"wp:attachment":[{"href":"https:\/\/3ko.hu\/en\/wp-json\/wp\/v2\/media?parent=7"}],"curies":[{"name":"wp","href":"https:\/\/api.w.org\/{rel}","templated":true}]}}