{"id":9,"date":"2015-11-15T12:03:04","date_gmt":"2015-11-15T12:03:04","guid":{"rendered":"http:\/\/3ko.hu\/?page_id=9"},"modified":"2016-04-04T06:36:30","modified_gmt":"2016-04-04T06:36:30","slug":"fejlesztesek","status":"publish","type":"page","link":"https:\/\/3ko.hu\/en\/fejlesztesek\/","title":{"rendered":"Developments"},"content":{"rendered":"<p>A fejleszt\u00e9seinkr\u0151l&#8230;<\/p>\n<p>kezdhetn\u00e9nk azzal, hogy magyar c\u00e9g, magyar t\u00e1mogat\u00e1s, magyar sz\u00e1mla, magyar garancia&#8230;<br \/> Hisz\u00fcnk a magyar fejleszt\u00e9sek siker\u00e9ben, hogy hazai fejleszt\u00e9s\u0171 term\u00e9keinkkel lehet elfogadhat\u00f3 \u00e1r\u00fa ipari min\u0151s\u00e9get biztos\u00edtani!<br \/> K\u00fcl\u00f6n\u00f6sen kiemeln\u00e9nk azt a t\u00e9nyt is, hogy term\u00e9keinket nem csup\u00e1n \u00e1ruljuk, azzal sz\u00e1munkra a folyamat kor\u00e1ntsem \u00e9r v\u00e9get! Ha kell telep\u00edtj\u00fck, be\u00fczemelj\u00fck, teljes kivitelez\u00e9st is v\u00e9gz\u00fcnk!<\/p>\n<p>Els\u0151sorban egyedi, speci\u00e1lis projektek fejleszt\u00e9s\u00e9vel \u00e9s k\u00f6zepes &#8211; nagy sz\u00e9ri\u00e1s gy\u00e1rt\u00e1s\u00e1val foglalkozunk. Ugyanakkor az egyedi megrendel\u00e9sek mellett vannak \u00e1ltal\u00e1nosan haszn\u00e1lhat\u00f3 olyan term\u00e9keink is amelyek nagyobb \u00e9rdekl\u0151d\u00e9sre tarthatnak sz\u00e1mot.<\/p>\n<p>FONTOS! Ha figyelmesen elolvasta a Kik vagyunk men\u00fcpontot, akkor k\u00f6nnyen meg\u00e9rtheti, hogy szerencs\u00e9re nincs okunk panaszra, kapcsolatainkon kereszt\u00fcl rengeteg megkeres\u00e9s\u00fcnk van. Fogalmazhatunk \u00fagy is: &#8220;Jelenleg mindh\u00e1rom munkat\u00e1rsunk foglalt, k\u00e9rj\u00fcnk tartson ki&#8230; :-)&#8221; Ezzel csak azt szeretn\u00e9nk jelezni, hogy csak komoly, \u00e9letk\u00e9pes \u00f6tletekkel keressen minket, ne csak olyat amiben fant\u00e1zi\u00e1t l\u00e1t, hanem amit finansz\u00edrozni is tud. Ez esetben mi is megvizsg\u00e1ljuk, hogy be tudjuk-e \u00d6nnek \u00fctemezni \u00e9s pontosan mikorra.<\/p>\n<p>A teljess\u00e9g ig\u00e9nye n\u00e9lk\u00fcl n\u00e9h\u00e1ny p\u00e9lda:<\/p>\n<h4>Ipari vez\u00e9rl\u00e9sek az egyszer\u0171bbekt\u0151l a komplexebb feladatokig, RS-485, I2C adatgy\u0171jt\u00e9sek, multiprocesszoros megold\u00e1sok<\/h4>\n<p><a href=\"http:\/\/3ko.hu\/wp-content\/uploads\/2015\/11\/ipari-vezerles-7.jpg\" data-rel=\"lightbox-image-0\" data-rl_title=\"\" data-rl_caption=\"\" title=\"\"><img loading=\"lazy\" class=\"wp-image-95 size-thumbnail alignleft\" src=\"http:\/\/3ko.hu\/wp-content\/uploads\/2015\/11\/ipari-vezerles-7-150x150.jpg\" alt=\"SONY DSC\" width=\"150\" height=\"150\" \/><\/a><a href=\"http:\/\/3ko.hu\/wp-content\/uploads\/2015\/11\/ipari-vezerles-3.jpg\" data-rel=\"lightbox-image-1\" data-rl_title=\"\" data-rl_caption=\"\" title=\"\"><img loading=\"lazy\" class=\"wp-image-90 size-thumbnail alignleft\" src=\"http:\/\/3ko.hu\/wp-content\/uploads\/2015\/11\/ipari-vezerles-3-150x150.jpg\" alt=\"ipari-vezerles-3\" width=\"150\" height=\"150\" \/><\/a><a href=\"http:\/\/3ko.hu\/wp-content\/uploads\/2015\/11\/ipari-vezerles-2.jpg\" data-rel=\"lightbox-image-2\" data-rl_title=\"\" data-rl_caption=\"\" title=\"\"><img loading=\"lazy\" class=\"size-thumbnail wp-image-89 alignleft\" src=\"http:\/\/3ko.hu\/wp-content\/uploads\/2015\/11\/ipari-vezerles-2-150x150.jpg\" alt=\"ipari-vezerles-2\" width=\"150\" height=\"150\" srcset=\"https:\/\/3ko.hu\/wp-content\/uploads\/2015\/11\/ipari-vezerles-2-150x150.jpg 150w, https:\/\/3ko.hu\/wp-content\/uploads\/2015\/11\/ipari-vezerles-2-300x300.jpg 300w, https:\/\/3ko.hu\/wp-content\/uploads\/2015\/11\/ipari-vezerles-2-301x300.jpg 301w, https:\/\/3ko.hu\/wp-content\/uploads\/2015\/11\/ipari-vezerles-2-200x199.jpg 200w, https:\/\/3ko.hu\/wp-content\/uploads\/2015\/11\/ipari-vezerles-2.jpg 800w\" sizes=\"(max-width: 150px) 100vw, 150px\" \/><\/a><a href=\"http:\/\/3ko.hu\/wp-content\/uploads\/2015\/11\/ipari-vezerles-1.jpg\" data-rel=\"lightbox-image-3\" data-rl_title=\"\" data-rl_caption=\"\" title=\"\"><img loading=\"lazy\" class=\"size-thumbnail wp-image-88 alignleft\" src=\"http:\/\/3ko.hu\/wp-content\/uploads\/2015\/11\/ipari-vezerles-1-150x150.jpg\" alt=\"vez\u00e9rl\u00e9\" width=\"150\" height=\"150\" \/><\/a><a href=\"http:\/\/3ko.hu\/wp-content\/uploads\/2015\/11\/ipari-vezerles-6.jpg\" data-rel=\"lightbox-image-4\" data-rl_title=\"\" data-rl_caption=\"\" title=\"\"><img loading=\"lazy\" class=\"wp-image-93 size-thumbnail alignleft\" src=\"http:\/\/3ko.hu\/wp-content\/uploads\/2015\/11\/ipari-vezerles-6-150x150.jpg\" alt=\"\" width=\"150\" height=\"150\" \/><\/a><a href=\"http:\/\/3ko.hu\/wp-content\/uploads\/2015\/11\/ipari-vezerles-5.jpg\" data-rel=\"lightbox-image-5\" data-rl_title=\"\" data-rl_caption=\"\" title=\"\"><img loading=\"lazy\" class=\"wp-image-92 size-thumbnail alignleft\" src=\"http:\/\/3ko.hu\/wp-content\/uploads\/2015\/11\/ipari-vezerles-5-150x150.jpg\" alt=\"\" width=\"150\" height=\"150\" \/><\/a><a href=\"http:\/\/3ko.hu\/wp-content\/uploads\/2015\/11\/ipari-vezerles-4.jpg\" data-rel=\"lightbox-image-6\" data-rl_title=\"\" data-rl_caption=\"\" title=\"\"><img loading=\"lazy\" class=\"wp-image-91 size-thumbnail alignleft\" src=\"http:\/\/3ko.hu\/wp-content\/uploads\/2015\/11\/ipari-vezerles-4-150x150.jpg\" alt=\"ipari-vezerles-4\" width=\"150\" height=\"150\" \/><\/a><\/p>\n<p>&nbsp;<\/p>\n<p>&nbsp;<\/p>\n<p>&nbsp;<\/p>\n<p>&nbsp;<\/p>\n<h4>\u00a0<\/h4>\n<h4>Vezet\u00e9k n\u00e9lk\u00fcli kommunik\u00e1torok, bluetooth, Wi-Fi, ISM s\u00e1vos modem megold\u00e1sok<\/h4>\n<p><a href=\"http:\/\/3ko.hu\/wp-content\/uploads\/2015\/11\/kommunikator-4.jpg\" data-rel=\"lightbox-image-7\" data-rl_title=\"\" data-rl_caption=\"\" title=\"\"><img loading=\"lazy\" class=\"size-thumbnail wp-image-102 alignleft\" src=\"http:\/\/3ko.hu\/wp-content\/uploads\/2015\/11\/kommunikator-4-150x150.jpg\" alt=\"kommunik\u00e1tor\" width=\"150\" height=\"150\" \/><\/a> <a href=\"http:\/\/3ko.hu\/wp-content\/uploads\/2015\/11\/kommunikator-3.jpg\" data-rel=\"lightbox-image-8\" data-rl_title=\"\" data-rl_caption=\"\" title=\"\"><img loading=\"lazy\" class=\"size-thumbnail wp-image-103 alignleft\" src=\"http:\/\/3ko.hu\/wp-content\/uploads\/2015\/11\/kommunikator-3-150x150.jpg\" alt=\"kommunik\u00e1tor\" width=\"150\" height=\"150\" \/><\/a> <a href=\"http:\/\/3ko.hu\/wp-content\/uploads\/2015\/11\/kommunikator-2.jpg\" data-rel=\"lightbox-image-9\" data-rl_title=\"\" data-rl_caption=\"\" title=\"\"><img loading=\"lazy\" class=\"size-thumbnail wp-image-104 alignleft\" src=\"http:\/\/3ko.hu\/wp-content\/uploads\/2015\/11\/kommunikator-2-150x150.jpg\" alt=\"kommunik\u00e1tor\" width=\"150\" height=\"150\" \/><\/a> <a href=\"http:\/\/3ko.hu\/wp-content\/uploads\/2015\/11\/kommunikator-1.jpg\" data-rel=\"lightbox-image-10\" data-rl_title=\"\" data-rl_caption=\"\" title=\"\"><img loading=\"lazy\" class=\"size-thumbnail wp-image-105 alignleft\" src=\"http:\/\/3ko.hu\/wp-content\/uploads\/2015\/11\/kommunikator-1-150x150.jpg\" alt=\"kommunik\u00e1tor\" width=\"150\" height=\"150\" \/><\/a><\/p>\n<p>&nbsp;<\/p>\n<p>&nbsp;<\/p>\n<p>&nbsp;<\/p>\n<p>&nbsp;<\/p>\n<h4>\u00a0<\/h4>\n<h4>GPS alap\u00fa helymeghat\u00e1roz\u00f3 modulok \u00e9s \u00e1tjelz\u0151k, g\u00e9pj\u00e1rm\u0171 nyomk\u00f6vet\u0151k<\/h4>\n<p><a href=\"http:\/\/3ko.hu\/wp-content\/uploads\/2015\/11\/gps-nyomkoveto.jpg\" data-rel=\"lightbox-image-11\" data-rl_title=\"\" data-rl_caption=\"\" title=\"\"><img loading=\"lazy\" class=\"alignnone size-thumbnail wp-image-107\" src=\"http:\/\/3ko.hu\/wp-content\/uploads\/2015\/11\/gps-nyomkoveto-150x150.jpg\" alt=\"GSM\" width=\"150\" height=\"150\" \/><\/a><\/p>\n<p>&nbsp;<\/p>\n<h4>Inerci\u00e1lis kutat\u00e1si k\u00eds\u00e9rletek, CAN buszos speci\u00e1lis mini adatgy\u0171jt\u0151k<\/h4>\n<p><a href=\"http:\/\/3ko.hu\/wp-content\/uploads\/2015\/11\/adatgyujto.jpg\" data-rel=\"lightbox-image-12\" data-rl_title=\"\" data-rl_caption=\"\" title=\"\"><img loading=\"lazy\" class=\"alignnone size-thumbnail wp-image-108\" src=\"http:\/\/3ko.hu\/wp-content\/uploads\/2015\/11\/adatgyujto-150x150.jpg\" alt=\"adatgy\u0171jt\u0151\" width=\"150\" height=\"150\" \/><\/a><\/p>\n<p>&nbsp;<\/p>\n<h4>Sz\u00fcnetmentes t\u00e1pell\u00e1t\u00e1s \u00e9s fel\u00fcgyeleti eszk\u00f6z\u00f6k, akkumul\u00e1torv\u00e9delem<\/h4>\n<p><a href=\"http:\/\/3ko.hu\/wp-content\/uploads\/2015\/11\/akkumulatorvedelem.jpg\" data-rel=\"lightbox-image-13\" data-rl_title=\"\" data-rl_caption=\"\" title=\"\"><img loading=\"lazy\" class=\"size-thumbnail wp-image-109\" src=\"http:\/\/3ko.hu\/wp-content\/uploads\/2015\/11\/akkumulatorvedelem-150x150.jpg\" alt=\"SONY DSC\" width=\"150\" height=\"150\" \/><\/a><\/p>\n<h4>\u00a0<\/h4>\n<h4>Vezet\u00e9kes kommunik\u00e1ci\u00f3s megold\u00e1sok a telefonos \u00e1tvitelt\u0151l a be\u00e1gyazott mini IP-s megold\u00e1sokig<\/h4>\n<p><a href=\"http:\/\/3ko.hu\/wp-content\/uploads\/2015\/11\/vezetekes-kommunikacio-2.jpg\" data-rel=\"lightbox-image-14\" data-rl_title=\"\" data-rl_caption=\"\" title=\"\"><img loading=\"lazy\" class=\"alignleft wp-image-110 size-thumbnail\" src=\"http:\/\/3ko.hu\/wp-content\/uploads\/2015\/11\/vezetekes-kommunikacio-2-150x150.jpg\" alt=\"\" width=\"150\" height=\"150\" \/><\/a><a href=\"http:\/\/3ko.hu\/wp-content\/uploads\/2015\/11\/vezetekes-kommunikacio-1.jpg\" data-rel=\"lightbox-image-15\" data-rl_title=\"\" data-rl_caption=\"\" title=\"\"><img loading=\"lazy\" class=\"wp-image-111 size-thumbnail\" src=\"http:\/\/3ko.hu\/wp-content\/uploads\/2015\/11\/vezetekes-kommunikacio-1-150x150.jpg\" alt=\"\" width=\"150\" height=\"150\" \/><\/a><\/p>\n<p>&nbsp;<\/p>\n<h4>Egyszer\u0171bb optoelektronikai megold\u00e1sok, visszajelz\u0151k, kijelz\u0151k kommunik\u00e1torok<\/h4>\n<p>\u00a0<a href=\"http:\/\/3ko.hu\/wp-content\/uploads\/2015\/11\/optoelektronika-3.jpg\" data-rel=\"lightbox-image-16\" data-rl_title=\"\" data-rl_caption=\"\" title=\"\"><img loading=\"lazy\" class=\"alignnone size-thumbnail wp-image-112\" src=\"http:\/\/3ko.hu\/wp-content\/uploads\/2015\/11\/optoelektronika-3-150x150.jpg\" alt=\"Optoelektronika\" width=\"150\" height=\"150\" \/><\/a> <a href=\"http:\/\/3ko.hu\/wp-content\/uploads\/2015\/11\/IMG_20160403_171214.jpg\" data-rel=\"lightbox-image-17\" data-rl_title=\"\" data-rl_caption=\"\" title=\"\"><img loading=\"lazy\" class=\"alignnone size-thumbnail wp-image-126\" src=\"http:\/\/3ko.hu\/wp-content\/uploads\/2015\/11\/IMG_20160403_171214-150x150.jpg\" alt=\"IMG_20160403_171214\" width=\"150\" height=\"150\" \/><\/a> <a href=\"http:\/\/3ko.hu\/wp-content\/uploads\/2015\/11\/IMG_20160403_171541.jpg\" data-rel=\"lightbox-image-18\" data-rl_title=\"\" data-rl_caption=\"\" title=\"\"><img loading=\"lazy\" class=\"alignnone size-thumbnail wp-image-127\" src=\"http:\/\/3ko.hu\/wp-content\/uploads\/2015\/11\/IMG_20160403_171541-150x150.jpg\" alt=\"IMG_20160403_171541\" width=\"150\" height=\"150\" \/><\/a> <a href=\"http:\/\/3ko.hu\/wp-content\/uploads\/2015\/11\/IMG_20160403_172845.jpg\" data-rel=\"lightbox-image-19\" data-rl_title=\"\" data-rl_caption=\"\" title=\"\"><img loading=\"lazy\" class=\"alignnone size-thumbnail wp-image-128\" src=\"http:\/\/3ko.hu\/wp-content\/uploads\/2015\/11\/IMG_20160403_172845-150x150.jpg\" alt=\"IMG_20160403_172845\" width=\"150\" height=\"150\" \/><\/a> <a href=\"http:\/\/3ko.hu\/wp-content\/uploads\/2015\/11\/IMG_20160403_172804.jpg\" data-rel=\"lightbox-image-20\" data-rl_title=\"\" data-rl_caption=\"\" title=\"\"><img loading=\"lazy\" class=\"alignnone size-thumbnail wp-image-129\" src=\"http:\/\/3ko.hu\/wp-content\/uploads\/2015\/11\/IMG_20160403_172804-150x150.jpg\" alt=\"IMG_20160403_172804\" width=\"150\" height=\"150\" \/><\/a> <a href=\"http:\/\/3ko.hu\/wp-content\/uploads\/2015\/11\/optoelektronika-2.jpg\" data-rel=\"lightbox-image-21\" data-rl_title=\"\" data-rl_caption=\"\" title=\"\"><img loading=\"lazy\" class=\"alignnone size-thumbnail wp-image-113\" src=\"http:\/\/3ko.hu\/wp-content\/uploads\/2015\/11\/optoelektronika-2-150x150.jpg\" alt=\"Optoelektronika\" width=\"150\" height=\"150\" \/><\/a> <a href=\"http:\/\/3ko.hu\/wp-content\/uploads\/2015\/11\/optoelektronika-1.jpg\" data-rel=\"lightbox-image-22\" data-rl_title=\"\" data-rl_caption=\"\" title=\"\"><img loading=\"lazy\" class=\"alignnone size-thumbnail wp-image-114\" src=\"http:\/\/3ko.hu\/wp-content\/uploads\/2015\/11\/optoelektronika-1-150x150.jpg\" alt=\"Optoelektronika\" width=\"150\" height=\"150\" \/><\/a><\/p>\n<p>&nbsp;<\/p>\n<p>&nbsp;<\/p>\n","protected":false},"excerpt":{"rendered":"<p>A fejleszt\u00e9seinkr\u0151l&#8230; kezdhetn\u00e9nk azzal, hogy magyar c\u00e9g, magyar t\u00e1mogat\u00e1s, magyar sz\u00e1mla, magyar garancia&#8230; Hisz\u00fcnk a magyar fejleszt\u00e9sek siker\u00e9ben, hogy hazai fejleszt\u00e9s\u0171 term\u00e9keinkkel lehet elfogadhat\u00f3 \u00e1r\u00fa ipari min\u0151s\u00e9get biztos\u00edtani! K\u00fcl\u00f6n\u00f6sen kiemeln\u00e9nk azt a t\u00e9nyt is, hogy term\u00e9keinket nem csup\u00e1n \u00e1ruljuk, azzal sz\u00e1munkra a folyamat kor\u00e1ntsem \u00e9r v\u00e9get! Ha kell telep\u00edtj\u00fck, be\u00fczemelj\u00fck, teljes kivitelez\u00e9st is v\u00e9gz\u00fcnk! Els\u0151sorban [&hellip;]<\/p>\n","protected":false},"author":1,"featured_media":0,"parent":0,"menu_order":0,"comment_status":"closed","ping_status":"closed","template":"","meta":[],"translation":{"provider":"WPGlobus","version":"2.10.3","language":"en","enabled_languages":["hu","en"],"languages":{"hu":{"title":true,"content":true,"excerpt":false},"en":{"title":false,"content":false,"excerpt":false}}},"_links":{"self":[{"href":"https:\/\/3ko.hu\/en\/wp-json\/wp\/v2\/pages\/9"}],"collection":[{"href":"https:\/\/3ko.hu\/en\/wp-json\/wp\/v2\/pages"}],"about":[{"href":"https:\/\/3ko.hu\/en\/wp-json\/wp\/v2\/types\/page"}],"author":[{"embeddable":true,"href":"https:\/\/3ko.hu\/en\/wp-json\/wp\/v2\/users\/1"}],"replies":[{"embeddable":true,"href":"https:\/\/3ko.hu\/en\/wp-json\/wp\/v2\/comments?post=9"}],"version-history":[{"count":19,"href":"https:\/\/3ko.hu\/en\/wp-json\/wp\/v2\/pages\/9\/revisions"}],"predecessor-version":[{"id":130,"href":"https:\/\/3ko.hu\/en\/wp-json\/wp\/v2\/pages\/9\/revisions\/130"}],"wp:attachment":[{"href":"https:\/\/3ko.hu\/en\/wp-json\/wp\/v2\/media?parent=9"}],"curies":[{"name":"wp","href":"https:\/\/api.w.org\/{rel}","templated":true}]}}